{"id":296,"date":"2025-12-18T18:28:17","date_gmt":"2025-12-18T18:28:17","guid":{"rendered":"https:\/\/spainbschool.es\/home\/"},"modified":"2025-12-22T17:34:16","modified_gmt":"2025-12-22T17:34:16","slug":"inicio","status":"publish","type":"page","link":"https:\/\/spainbschool.es\/en\/","title":{"rendered":"Home"},"content":{"rendered":"<div class=\"wp-block-uagb-container uagb-block-e9f89e50 alignfull uagb-is-root-container\"><div class=\"uagb-container-inner-blocks-wrap\">\n<div class=\"wp-block-uagb-advanced-heading uagb-block-4de6aee5\"><div class=\"uagb-separator\"><\/div><h1 class=\"uagb-heading-text\">Take your career to the next level<\/h1><\/div>\n\n\n\n<div class=\"wp-block-uagb-container uag-blocks-common-selector uagb-layout-grid uagb-block-083e68ed\">\n<div class=\"wp-block-uagb-info-box uagb-block-b9ecca73 uagb-infobox__content-wrap  uagb-infobox-icon-above-title uagb-infobox-image-valign-top\"><div class=\"uagb-ifb-content\"><div class=\"uagb-ifb-title-wrap\"><\/div><p class=\"uagb-ifb-desc\">Transform your professional future with our executive education programmes and personalised strategic advice in today's digital environment.<\/p><div class=\"uagb-ifb-button-wrapper wp-block-button\"><a href=\"\/en\/contacto\/\" class=\"uagb-infobox-cta-link wp-block-button__link\" target=\"_self\" rel=\"noopener noreferrer\" onclick=\"return true;\"><span class=\"uagb-inline-editing\">Start now<\/span><\/a><\/div><\/div><\/div>\n\n\n\n<div class=\"wp-block-uagb-image uagb-block-7f3d2ac8 wp-block-uagb-image--layout-default wp-block-uagb-image--effect-static wp-block-uagb-image--align-none\"><figure class=\"wp-block-uagb-image__figure\"><img decoding=\"async\" srcset=\"https:\/\/spainbschool.es\/wp-content\/uploads\/2025\/12\/pexels-photo-7698719.jpeg ,https:\/\/spainbschool.es\/wp-content\/uploads\/2025\/12\/pexels-photo-7698719.jpeg 780w, https:\/\/spainbschool.es\/wp-content\/uploads\/2025\/12\/pexels-photo-7698719.jpeg 360w\" sizes=\"auto, (max-width: 480px) 150px\" src=\"https:\/\/spainbschool.es\/wp-content\/uploads\/2025\/12\/pexels-photo-7698719.jpeg\" alt=\"Executive in suit writing on whiteboard, explaining business graph.\" class=\"uag-image-2177\" width=\"360\" height=\"420\" title=\"hero-img-01\" loading=\"lazy\" role=\"img\"\/><\/figure><\/div>\n\n\n\n<div class=\"wp-block-uagb-image uagb-block-93a5382e wp-block-uagb-image--layout-default wp-block-uagb-image--effect-static wp-block-uagb-image--align-none\"><figure class=\"wp-block-uagb-image__figure\"><img decoding=\"async\" srcset=\"https:\/\/spainbschool.es\/wp-content\/uploads\/2025\/12\/pexels-photo-6476783.jpeg ,https:\/\/spainbschool.es\/wp-content\/uploads\/2025\/12\/pexels-photo-6476783.jpeg 780w, https:\/\/spainbschool.es\/wp-content\/uploads\/2025\/12\/pexels-photo-6476783.jpeg 360w\" sizes=\"auto, (max-width: 480px) 150px\" src=\"https:\/\/spainbschool.es\/wp-content\/uploads\/2025\/12\/pexels-photo-6476783.jpeg\" alt=\"Young woman presenting on digital evolution concepts like AI and big data in a seminar.\" class=\"uag-image-2178\" width=\"468\" height=\"420\" title=\"hero-img-02\" loading=\"lazy\" role=\"img\"\/><\/figure><\/div>\n<\/div>\n<\/div><\/div>\n\n\n\n<div class=\"wp-block-uagb-container uagb-layout-grid uagb-block-c194462d alignfull uagb-is-root-container\"><div class=\"uagb-container-inner-blocks-wrap\">\n<div class=\"wp-block-uagb-container uagb-layout-grid uagb-block-40e34b66\">\n<div class=\"wp-block-uagb-counter uagb-block-118f4694 wp-block-uagb-counter--number\"><div class=\"wp-block-uagb-counter__number\"><span class=\"uagb-counter-block-number\" data-duration=\"1.5\" data-to-value=\"20\" data-from-value=\"0\" data-delimiter=\",\"><\/span><span class=\"uagb-counter-block-suffix\">+<\/span><\/div><div class=\"wp-block-uagb-counter__title\">Years of Experience<\/div><\/div>\n\n\n\n<div class=\"wp-block-uagb-counter uagb-block-93613ff0 wp-block-uagb-counter--number\"><div class=\"wp-block-uagb-counter__number\"><span class=\"uagb-counter-block-number\" data-duration=\"1.5\" data-to-value=\"350\" data-from-value=\"0\" data-delimiter=\",\"><\/span><span class=\"uagb-counter-block-suffix\">+<\/span><\/div><div class=\"wp-block-uagb-counter__title\">Satisfied Customers<\/div><\/div>\n\n\n\n<div class=\"wp-block-uagb-counter uagb-block-2cde7c70 wp-block-uagb-counter--number\"><div class=\"wp-block-uagb-counter__number\"><span class=\"uagb-counter-block-number\" data-duration=\"1.5\" data-to-value=\"98\" data-from-value=\"0\" data-delimiter=\",\"><\/span><span class=\"uagb-counter-block-suffix\">%<\/span><\/div><div class=\"wp-block-uagb-counter__title\">Customer Satisfaction<\/div><\/div>\n<\/div>\n\n\n\n<div class=\"wp-block-uagb-advanced-heading uagb-block-90bd4abb\"><p class=\"uagb-desc-text\">With more than a decade of experience,<\/p><\/div>\n<\/div><\/div>\n\n\n\n<div class=\"wp-block-uagb-container uagb-layout-grid uagb-block-b7d94873 alignfull uagb-is-root-container\"><div class=\"uagb-container-inner-blocks-wrap\">\n<div class=\"wp-block-uagb-image uagb-block-8fb73487 wp-block-uagb-image--layout-default wp-block-uagb-image--effect-static wp-block-uagb-image--align-none\"><figure class=\"wp-block-uagb-image__figure\"><img decoding=\"async\" srcset=\"https:\/\/spainbschool.es\/wp-content\/uploads\/2025\/12\/pexels-photo-8761534.jpeg ,https:\/\/spainbschool.es\/wp-content\/uploads\/2025\/12\/pexels-photo-8761534.jpeg 780w, https:\/\/spainbschool.es\/wp-content\/uploads\/2025\/12\/pexels-photo-8761534.jpeg 360w\" sizes=\"auto, (max-width: 480px) 150px\" src=\"https:\/\/spainbschool.es\/wp-content\/uploads\/2025\/12\/pexels-photo-8761534.jpeg\" alt=\"Side view of a businesswoman holding a microphone while addressing an audience at a conference.\" class=\"uag-image-2179\" width=\"560\" height=\"600\" title=\"about-01\" loading=\"lazy\" role=\"img\"\/><\/figure><\/div>\n\n\n\n<div class=\"wp-block-uagb-container uagb-block-cfc0a34f\">\n<div class=\"wp-block-uagb-info-box uagb-block-36c16d4d uagb-infobox__content-wrap  uagb-infobox-icon-above-title uagb-infobox-image-valign-top wp-block-uagb-info-box--has-margin\"><div class=\"uagb-infobox-margin-wrapper\"><div class=\"uagb-ifb-content\"><div class=\"uagb-ifb-title-wrap\"><div class=\"uagb-ifb-separator\"><\/div><h2 class=\"uagb-ifb-title\">Get to know us better<\/h2><\/div><p class=\"uagb-ifb-desc\">Spain Business School has positioned itself as a leader in executive education and strategic consulting, providing innovative solutions to leaders and organisations in a digital world.<\/p><div class=\"uagb-ifb-button-wrapper wp-block-button\"><a href=\"\/en\/acerca-de\/\" class=\"uagb-infobox-cta-link wp-block-button__link\" target=\"_self\" rel=\"noopener noreferrer\" onclick=\"return true;\"><span class=\"uagb-inline-editing\">Read more<\/span><\/a><\/div><\/div><\/div><\/div>\n\n\n\n<div class=\"wp-block-uagb-separator uagb-block-ba4eccb7\"><div class=\"uagb-separator-spacing-wrapper\"><div class=\"wp-block-uagb-separator__inner\" style=\"--my-background-image:\"><\/div><\/div><\/div>\n<\/div>\n<\/div><\/div>\n\n\n\n<div class=\"wp-block-uagb-container uagb-block-5a7893df alignfull uagb-is-root-container\"><div class=\"uagb-container-inner-blocks-wrap\">\n<div class=\"wp-block-uagb-advanced-heading uagb-block-847f0174\"><div class=\"uagb-separator\"><\/div><h2 class=\"uagb-heading-text\">Our exceptional services for you<\/h2><\/div>\n\n\n\n<div class=\"wp-block-uagb-container uagb-block-883307ab\">\n<div class=\"wp-block-uagb-container uagb-layout-grid uagb-block-db0b5e62\">\n<div class=\"wp-block-uagb-container uagb-layout-grid uagb-block-67ff30b9\">\n<div class=\"wp-block-uagb-advanced-heading uagb-block-6241311c\"><h2 class=\"uagb-heading-text\">01.<\/h2><\/div>\n\n\n\n<div class=\"wp-block-uagb-advanced-heading uagb-block-505b8d31\"><h3 class=\"uagb-heading-text\">Executive Education<\/h3><p class=\"uagb-desc-text\">Programmes designed to develop management and leadership skills.<\/p><\/div>\n\n\n\n<div class=\"wp-block-uagb-buttons uagb-buttons__outer-wrap uagb-btn__default-btn uagb-btn-tablet__default-btn uagb-btn-mobile__default-btn uagb-block-d4e81e9b\"><div class=\"uagb-buttons__wrap uagb-buttons-layout-wrap\">\n<div class=\"wp-block-uagb-buttons-child uagb-buttons__outer-wrap uagb-block-2c16c927 wp-block-button\"><div class=\"uagb-button__wrapper\"><a class=\"uagb-buttons-repeater wp-block-button__link\" aria-label=\"\" href=\"\/en\/servicios\/\" rel=\"follow noopener\" target=\"_self\" role=\"button\"><div class=\"uagb-button__link\">Read more<\/div><\/a><\/div><\/div>\n<\/div><\/div>\n<\/div>\n\n\n\n<div class=\"wp-block-uagb-image uagb-block-9d10654c wp-block-uagb-image--layout-default wp-block-uagb-image--effect-static wp-block-uagb-image--align-none\"><figure class=\"wp-block-uagb-image__figure\"><img decoding=\"async\" srcset=\"https:\/\/spainbschool.es\/wp-content\/uploads\/2025\/12\/pexels-photo-7414273.jpeg ,https:\/\/spainbschool.es\/wp-content\/uploads\/2025\/12\/pexels-photo-7414273.jpeg 780w, https:\/\/spainbschool.es\/wp-content\/uploads\/2025\/12\/pexels-photo-7414273.jpeg 360w\" sizes=\"auto, (max-width: 480px) 150px\" src=\"https:\/\/spainbschool.es\/wp-content\/uploads\/2025\/12\/pexels-photo-7414273.jpeg\" alt=\"Professional businesswoman explaining budget strategy on a whiteboard during a meeting.\" class=\"uag-image-2180\" width=\"300\" height=\"120\" title=\"our-services-1\" loading=\"lazy\" role=\"img\"\/><\/figure><\/div>\n<\/div>\n\n\n\n<div class=\"wp-block-uagb-container uagb-layout-grid uagb-block-9d58695e\">\n<div class=\"wp-block-uagb-container uagb-layout-grid uagb-block-d5de9807\">\n<div class=\"wp-block-uagb-advanced-heading uagb-block-ed6841c7\"><h2 class=\"uagb-heading-text\">02.<\/h2><\/div>\n\n\n\n<div class=\"wp-block-uagb-advanced-heading uagb-block-9b4422a3\"><h3 class=\"uagb-heading-text\">Strategic Consulting<\/h3><p class=\"uagb-desc-text\">Specialist advice for the development of effective strategies.<\/p><\/div>\n\n\n\n<div class=\"wp-block-uagb-buttons uagb-buttons__outer-wrap uagb-btn__default-btn uagb-btn-tablet__default-btn uagb-btn-mobile__default-btn uagb-block-bb568ac1\"><div class=\"uagb-buttons__wrap uagb-buttons-layout-wrap\">\n<div class=\"wp-block-uagb-buttons-child uagb-buttons__outer-wrap uagb-block-591505c6 wp-block-button\"><div class=\"uagb-button__wrapper\"><a class=\"uagb-buttons-repeater wp-block-button__link\" aria-label=\"\" href=\"\/en\/servicios\/\" rel=\"follow noopener\" target=\"_self\" role=\"button\"><div class=\"uagb-button__link\">Read more<\/div><\/a><\/div><\/div>\n<\/div><\/div>\n<\/div>\n\n\n\n<div class=\"wp-block-uagb-image uagb-block-b0ac7fbd wp-block-uagb-image--layout-default wp-block-uagb-image--effect-static wp-block-uagb-image--align-none\"><figure class=\"wp-block-uagb-image__figure\"><img decoding=\"async\" srcset=\"https:\/\/spainbschool.es\/wp-content\/uploads\/2025\/12\/pexels-photo-8171204.jpeg ,https:\/\/spainbschool.es\/wp-content\/uploads\/2025\/12\/pexels-photo-8171204.jpeg 780w, https:\/\/spainbschool.es\/wp-content\/uploads\/2025\/12\/pexels-photo-8171204.jpeg 360w\" sizes=\"auto, (max-width: 480px) 150px\" src=\"https:\/\/spainbschool.es\/wp-content\/uploads\/2025\/12\/pexels-photo-8171204.jpeg\" alt=\"Business meeting with women in corporate attire engaged in discussion and planning indoors.\" class=\"uag-image-2181\" width=\"300\" height=\"120\" title=\"our-services-2\" loading=\"lazy\" role=\"img\"\/><\/figure><\/div>\n<\/div>\n\n\n\n<div class=\"wp-block-uagb-container uagb-layout-grid uagb-block-bb505ec2\">\n<div class=\"wp-block-uagb-container uagb-layout-grid uagb-block-e327bbd3\">\n<div class=\"wp-block-uagb-advanced-heading uagb-block-3afef8a1\"><h2 class=\"uagb-heading-text\">03.<\/h2><\/div>\n\n\n\n<div class=\"wp-block-uagb-advanced-heading uagb-block-1fcf3dac\"><h3 class=\"uagb-heading-text\">Digital Transformation<\/h3><p class=\"uagb-desc-text\">Services to adapt and modernise your company in the digital environment.<\/p><\/div>\n\n\n\n<div class=\"wp-block-uagb-buttons uagb-buttons__outer-wrap uagb-btn__default-btn uagb-btn-tablet__default-btn uagb-btn-mobile__default-btn uagb-block-61cabc2b\"><div class=\"uagb-buttons__wrap uagb-buttons-layout-wrap\">\n<div class=\"wp-block-uagb-buttons-child uagb-buttons__outer-wrap uagb-block-416130fd wp-block-button\"><div class=\"uagb-button__wrapper\"><a class=\"uagb-buttons-repeater wp-block-button__link\" aria-label=\"\" href=\"\/en\/servicios\/\" rel=\"follow noopener\" target=\"_self\" role=\"button\"><div class=\"uagb-button__link\">Read more<\/div><\/a><\/div><\/div>\n<\/div><\/div>\n<\/div>\n\n\n\n<div class=\"wp-block-uagb-image uagb-block-a606f596 wp-block-uagb-image--layout-default wp-block-uagb-image--effect-static wp-block-uagb-image--align-none\"><figure class=\"wp-block-uagb-image__figure\"><img decoding=\"async\" srcset=\"https:\/\/spainbschool.es\/wp-content\/uploads\/2025\/12\/pexels-photo-10041253.jpeg ,https:\/\/spainbschool.es\/wp-content\/uploads\/2025\/12\/pexels-photo-10041253.jpeg 780w, https:\/\/spainbschool.es\/wp-content\/uploads\/2025\/12\/pexels-photo-10041253.jpeg 360w\" sizes=\"auto, (max-width: 480px) 150px\" src=\"https:\/\/spainbschool.es\/wp-content\/uploads\/2025\/12\/pexels-photo-10041253.jpeg\" alt=\"A focused businesswoman writing on a whiteboard during a presentation in a modern office.\" class=\"uag-image-2182\" width=\"300\" height=\"120\" title=\"our-services-3\" loading=\"lazy\" role=\"img\"\/><\/figure><\/div>\n<\/div>\n<\/div>\n<\/div><\/div>\n\n\n\n<div class=\"wp-block-uagb-container uagb-block-a3de1bef alignfull uagb-is-root-container\"><div class=\"uagb-container-inner-blocks-wrap\">\n<div class=\"wp-block-uagb-advanced-heading uagb-block-ef2e06bd\"><div class=\"uagb-separator\"><\/div><h2 class=\"uagb-heading-text\">Act today and transform your future<\/h2><\/div>\n\n\n\n<div class=\"wp-block-uagb-info-box uagb-block-390b79a7 uagb-infobox__content-wrap  uagb-infobox-icon-above-title uagb-infobox-image-valign-top wp-block-uagb-info-box--has-margin\"><div class=\"uagb-infobox-margin-wrapper\"><div class=\"uagb-ifb-content\"><div class=\"uagb-ifb-title-wrap\"><\/div><p class=\"uagb-ifb-desc\">Find out how our programmes can help you meet business challenges with innovation and effective leadership.<\/p><div class=\"uagb-ifb-button-wrapper wp-block-button\"><a href=\"\/en\/contacto\/\" class=\"uagb-infobox-cta-link wp-block-button__link\" target=\"_self\" rel=\"noopener noreferrer\" onclick=\"return true;\"><span class=\"uagb-inline-editing\">Start now<\/span><\/a><\/div><\/div><\/div><\/div>\n<\/div><\/div>\n\n\n\n<div class=\"wp-block-uagb-container uagb-layout-grid uagb-block-5001986f alignfull uagb-is-root-container\"><div class=\"uagb-container-inner-blocks-wrap\">\n<div class=\"wp-block-uagb-container uagb-block-2c337278\">\n<div class=\"wp-block-uagb-advanced-heading uagb-block-61c0cd7e\"><div class=\"uagb-separator\"><\/div><h2 class=\"uagb-heading-text\">Unique Value Proposition<\/h2><\/div>\n\n\n\n<div class=\"wp-block-uagb-container uagb-layout-grid uagb-block-7a9a21bc\">\n<div class=\"wp-block-uagb-advanced-heading uagb-block-e6d24376\"><p class=\"uagb-heading-text\">Customised approach<\/p><\/div>\n\n\n\n<div class=\"wp-block-uagb-advanced-heading uagb-block-81a96aae\"><p class=\"uagb-desc-text\">Each client receives individual attention, ensuring that solutions are tailored to their specific needs and growth objectives.<\/p><\/div>\n<\/div>\n\n\n\n<div class=\"wp-block-uagb-container uagb-layout-grid uagb-block-74b4daee\">\n<div class=\"wp-block-uagb-advanced-heading uagb-block-0a8b3bc1\"><p class=\"uagb-heading-text\">Sector Experts<\/p><\/div>\n\n\n\n<div class=\"wp-block-uagb-advanced-heading uagb-block-eb243354\"><p class=\"uagb-desc-text\">Our team is made up of professionals with extensive experience, providing practical and strategic knowledge to boost your professional development.<\/p><\/div>\n<\/div>\n\n\n\n<div class=\"wp-block-uagb-container uagb-layout-grid uagb-block-0b3a2e2c\">\n<div class=\"wp-block-uagb-advanced-heading uagb-block-eee8f105\"><p class=\"uagb-heading-text\">Constant Innovation<\/p><\/div>\n\n\n\n<div class=\"wp-block-uagb-advanced-heading uagb-block-ad3e101e\"><p class=\"uagb-desc-text\">We are committed to offering up-to-date programmes that reflect the latest trends and technologies in business and digital.<\/p><\/div>\n<\/div>\n<\/div>\n\n\n\n<div class=\"wp-block-uagb-image uagb-block-1927478c wp-block-uagb-image--layout-default wp-block-uagb-image--effect-static wp-block-uagb-image--align-none\"><figure class=\"wp-block-uagb-image__figure\"><img decoding=\"async\" srcset=\"https:\/\/spainbschool.es\/wp-content\/uploads\/2025\/12\/pexels-photo-9301156.jpeg ,https:\/\/spainbschool.es\/wp-content\/uploads\/2025\/12\/pexels-photo-9301156.jpeg 780w, https:\/\/spainbschool.es\/wp-content\/uploads\/2025\/12\/pexels-photo-9301156.jpeg 360w\" sizes=\"auto, (max-width: 480px) 150px\" src=\"https:\/\/spainbschool.es\/wp-content\/uploads\/2025\/12\/pexels-photo-9301156.jpeg\" alt=\"A woman leads a team meeting in a modern office using digital presentations.\" class=\"uag-image-2184\" width=\"500\" height=\"500\" title=\"why-choose-us\" loading=\"lazy\" role=\"img\"\/><\/figure><\/div>\n<\/div><\/div>\n\n\n\n<div class=\"wp-block-uagb-container uagb-block-0e4a2b65 alignfull uagb-is-root-container\"><div class=\"uagb-container-inner-blocks-wrap\">\n<div class=\"wp-block-uagb-advanced-heading uagb-block-545dc0f1\"><div class=\"uagb-separator\"><\/div><h2 class=\"uagb-heading-text\">Our recent project highlights<\/h2><\/div>\n\n\n\n<div class=\"wp-block-uagb-container uagb-layout-grid uagb-block-100655f9\">\n<div class=\"wp-block-uagb-image uagb-block-51779539 wp-block-uagb-image--layout-default wp-block-uagb-image--effect-static wp-block-uagb-image--align-none\"><figure class=\"wp-block-uagb-image__figure\"><img decoding=\"async\" srcset=\"https:\/\/spainbschool.es\/wp-content\/uploads\/2025\/12\/pexels-photo-8761328.jpeg ,https:\/\/spainbschool.es\/wp-content\/uploads\/2025\/12\/pexels-photo-8761328.jpeg 780w, https:\/\/spainbschool.es\/wp-content\/uploads\/2025\/12\/pexels-photo-8761328.jpeg 360w\" sizes=\"auto, (max-width: 480px) 150px\" src=\"https:\/\/spainbschool.es\/wp-content\/uploads\/2025\/12\/pexels-photo-8761328.jpeg\" alt=\"A group attending a business presentation in a modern conference room with projector.\" class=\"uag-image-2185\" width=\"360\" height=\"500\" title=\"gallery-1\" loading=\"lazy\" role=\"img\"\/><\/figure><\/div>\n\n\n\n<div class=\"wp-block-uagb-container uagb-layout-grid uagb-block-f497f9d5\">\n<div class=\"wp-block-uagb-image uagb-block-b617d59f wp-block-uagb-image--layout-default wp-block-uagb-image--effect-static wp-block-uagb-image--align-none\"><figure class=\"wp-block-uagb-image__figure\"><img decoding=\"async\" srcset=\"https:\/\/spainbschool.es\/wp-content\/uploads\/2025\/12\/pexels-photo-7648468.jpeg ,https:\/\/spainbschool.es\/wp-content\/uploads\/2025\/12\/pexels-photo-7648468.jpeg 780w, https:\/\/spainbschool.es\/wp-content\/uploads\/2025\/12\/pexels-photo-7648468.jpeg 360w\" sizes=\"auto, (max-width: 480px) 150px\" src=\"https:\/\/spainbschool.es\/wp-content\/uploads\/2025\/12\/pexels-photo-7648468.jpeg\" alt=\"Diverse team in a business meeting discussing strategies in a conference room.\" class=\"uag-image-2186\" width=\"212\" height=\"240\" title=\"gallery-2\" loading=\"lazy\" role=\"img\"\/><\/figure><\/div>\n\n\n\n<div class=\"wp-block-uagb-image uagb-block-f488cedb wp-block-uagb-image--layout-default wp-block-uagb-image--effect-static wp-block-uagb-image--align-none\"><figure class=\"wp-block-uagb-image__figure\"><img decoding=\"async\" srcset=\"https:\/\/spainbschool.es\/wp-content\/uploads\/2025\/12\/pexels-photo-9034265.jpeg ,https:\/\/spainbschool.es\/wp-content\/uploads\/2025\/12\/pexels-photo-9034265.jpeg 780w, https:\/\/spainbschool.es\/wp-content\/uploads\/2025\/12\/pexels-photo-9034265.jpeg 360w\" sizes=\"auto, (max-width: 480px) 150px\" src=\"https:\/\/spainbschool.es\/wp-content\/uploads\/2025\/12\/pexels-photo-9034265.jpeg\" alt=\"African American woman presenting business data on a flipchart in an office setting.\" class=\"uag-image-2187\" width=\"212\" height=\"240\" title=\"gallery-3\" loading=\"lazy\" role=\"img\"\/><\/figure><\/div>\n\n\n\n<div class=\"wp-block-uagb-image uagb-block-144c9d78 wp-block-uagb-image--layout-default wp-block-uagb-image--effect-static wp-block-uagb-image--align-none\"><figure class=\"wp-block-uagb-image__figure\"><img decoding=\"async\" srcset=\"https:\/\/spainbschool.es\/wp-content\/uploads\/2025\/12\/pexels-photo-7647922.jpeg ,https:\/\/spainbschool.es\/wp-content\/uploads\/2025\/12\/pexels-photo-7647922.jpeg 780w, https:\/\/spainbschool.es\/wp-content\/uploads\/2025\/12\/pexels-photo-7647922.jpeg 360w\" sizes=\"auto, (max-width: 480px) 150px\" src=\"https:\/\/spainbschool.es\/wp-content\/uploads\/2025\/12\/pexels-photo-7647922.jpeg\" alt=\"A businessman in corporate attire delivering a presentation indoors.\" class=\"uag-image-2188\" width=\"212\" height=\"240\" title=\"gallery-4\" loading=\"lazy\" role=\"img\"\/><\/figure><\/div>\n\n\n\n<div class=\"wp-block-uagb-image uagb-block-721ea1e8 wp-block-uagb-image--layout-default wp-block-uagb-image--effect-static wp-block-uagb-image--align-none\"><figure class=\"wp-block-uagb-image__figure\"><img decoding=\"async\" srcset=\"https:\/\/spainbschool.es\/wp-content\/uploads\/2025\/12\/pexels-photo-9052295.jpeg ,https:\/\/spainbschool.es\/wp-content\/uploads\/2025\/12\/pexels-photo-9052295.jpeg 780w, https:\/\/spainbschool.es\/wp-content\/uploads\/2025\/12\/pexels-photo-9052295.jpeg 360w\" sizes=\"auto, (max-width: 480px) 150px\" src=\"https:\/\/spainbschool.es\/wp-content\/uploads\/2025\/12\/pexels-photo-9052295.jpeg\" alt=\"Close-up of a professional taking notes in a business meeting.\" class=\"uag-image-2189\" width=\"212\" height=\"240\" title=\"gallery-5\" loading=\"lazy\" role=\"img\"\/><\/figure><\/div>\n<\/div>\n\n\n\n<div class=\"wp-block-uagb-image uagb-block-5a03d8fb wp-block-uagb-image--layout-default wp-block-uagb-image--effect-static wp-block-uagb-image--align-none\"><figure class=\"wp-block-uagb-image__figure\"><img decoding=\"async\" srcset=\"https:\/\/spainbschool.es\/wp-content\/uploads\/2025\/12\/pexels-photo-8134075.jpeg ,https:\/\/spainbschool.es\/wp-content\/uploads\/2025\/12\/pexels-photo-8134075.jpeg 780w, https:\/\/spainbschool.es\/wp-content\/uploads\/2025\/12\/pexels-photo-8134075.jpeg 360w\" sizes=\"auto, (max-width: 480px) 150px\" src=\"https:\/\/spainbschool.es\/wp-content\/uploads\/2025\/12\/pexels-photo-8134075.jpeg\" alt=\"Group of diverse professionals engaging in a collaborative office meeting indoors.\" class=\"uag-image-2190\" width=\"360\" height=\"500\" title=\"gallery-6\" loading=\"lazy\" role=\"img\"\/><\/figure><\/div>\n<\/div>\n<\/div><\/div>","protected":false},"excerpt":{"rendered":"<p>Impulsa tu carrera al siguiente nivel Con m\u00e1s de una d\u00e9cada de experiencia, Nuestros servicios excepcionales para ti 01. Formaci\u00f3n [&hellip;]<\/p>","protected":false},"author":1,"featured_media":0,"parent":0,"menu_order":0,"comment_status":"closed","ping_status":"closed","template":"","meta":{"_uag_custom_page_level_css":"","site-sidebar-layout":"default","site-content-layout":"","ast-site-content-layout":"default","site-content-style":"default","site-sidebar-style":"default","ast-global-header-display":"","ast-banner-title-visibility":"","ast-main-header-display":"","ast-hfb-above-header-display":"","ast-hfb-below-header-display":"","ast-hfb-mobile-header-display":"","site-post-title":"disabled","ast-breadcrumbs-content":"","ast-featured-img":"","footer-sml-layout":"","ast-disable-related-posts":"","theme-transparent-header-meta":"","adv-header-id-meta":"","stick-header-meta":"","header-above-stick-meta":"","header-main-stick-meta":"","header-below-stick-meta":"","astra-migrate-meta-layouts":"default","ast-page-background-enabled":"default","ast-page-background-meta":{"desktop":{"background-color":"var(--ast-global-color-4)","background-image":"","background-repeat":"repeat","background-position":"center center","background-size":"auto","background-attachment":"scroll","background-type":"","background-media":"","overlay-type":"","overlay-color":"","overlay-opacity":"","overlay-gradient":""},"tablet":{"background-color":"","background-image":"","background-repeat":"repeat","background-position":"center center","background-size":"auto","background-attachment":"scroll","background-type":"","background-media":"","overlay-type":"","overlay-color":"","overlay-opacity":"","overlay-gradient":""},"mobile":{"background-color":"","background-image":"","background-repeat":"repeat","background-position":"center center","background-size":"auto","background-attachment":"scroll","background-type":"","background-media":"","overlay-type":"","overlay-color":"","overlay-opacity":"","overlay-gradient":""}},"ast-content-background-meta":{"desktop":{"background-color":"var(--ast-global-color-5)","background-image":"","background-repeat":"repeat","background-position":"center center","background-size":"auto","background-attachment":"scroll","background-type":"","background-media":"","overlay-type":"","overlay-color":"","overlay-opacity":"","overlay-gradient":""},"tablet":{"background-color":"var(--ast-global-color-5)","background-image":"","background-repeat":"repeat","background-position":"center center","background-size":"auto","background-attachment":"scroll","background-type":"","background-media":"","overlay-type":"","overlay-color":"","overlay-opacity":"","overlay-gradient":""},"mobile":{"background-color":"var(--ast-global-color-5)","background-image":"","background-repeat":"repeat","background-position":"center center","background-size":"auto","background-attachment":"scroll","background-type":"","background-media":"","overlay-type":"","overlay-color":"","overlay-opacity":"","overlay-gradient":""}},"footnotes":""},"class_list":["post-296","page","type-page","status-publish","hentry"],"uagb_featured_image_src":{"full":false,"thumbnail":false,"medium":false,"medium_large":false,"large":false,"1536x1536":false,"2048x2048":false,"trp-custom-language-flag":false},"uagb_author_info":{"display_name":"Spain Business School Consultor\u00eda y Servicios SL CIF B87479812","author_link":"https:\/\/spainbschool.es\/en\/author\/spainbschool\/"},"uagb_comment_info":0,"uagb_excerpt":"Impulsa tu carrera al siguiente nivel Con m\u00e1s de una d\u00e9cada de experiencia, Nuestros servicios excepcionales para ti 01. Formaci\u00f3n [&hellip;]","_links":{"self":[{"href":"https:\/\/spainbschool.es\/en\/wp-json\/wp\/v2\/pages\/296","targetHints":{"allow":["GET"]}}],"collection":[{"href":"https:\/\/spainbschool.es\/en\/wp-json\/wp\/v2\/pages"}],"about":[{"href":"https:\/\/spainbschool.es\/en\/wp-json\/wp\/v2\/types\/page"}],"author":[{"embeddable":true,"href":"https:\/\/spainbschool.es\/en\/wp-json\/wp\/v2\/users\/1"}],"replies":[{"embeddable":true,"href":"https:\/\/spainbschool.es\/en\/wp-json\/wp\/v2\/comments?post=296"}],"version-history":[{"count":5,"href":"https:\/\/spainbschool.es\/en\/wp-json\/wp\/v2\/pages\/296\/revisions"}],"predecessor-version":[{"id":2252,"href":"https:\/\/spainbschool.es\/en\/wp-json\/wp\/v2\/pages\/296\/revisions\/2252"}],"wp:attachment":[{"href":"https:\/\/spainbschool.es\/en\/wp-json\/wp\/v2\/media?parent=296"}],"curies":[{"name":"wp","href":"https:\/\/api.w.org\/{rel}","templated":true}]}}